{"id":750,"date":"2025-06-12T09:39:56","date_gmt":"2025-06-12T07:39:56","guid":{"rendered":"https:\/\/sites.dcuci.univr.it\/cres\/?page_id=750"},"modified":"2026-03-09T15:21:43","modified_gmt":"2026-03-09T14:21:43","slug":"epistolographia","status":"publish","type":"page","link":"https:\/\/sites.dcuci.univr.it\/cres\/epistolographia\/","title":{"rendered":"\u00abEpistolographia\u00bb"},"content":{"rendered":"\t\t<div data-elementor-type=\"wp-page\" data-elementor-id=\"750\" class=\"elementor elementor-750\">\n\t\t\t\t<div class=\"elementor-element elementor-element-4e864b8 e-flex e-con-boxed e-con e-parent\" data-id=\"4e864b8\" data-element_type=\"container\" data-e-type=\"container\">\n\t\t\t\t\t<div class=\"e-con-inner\">\n\t\t\t\t<div class=\"elementor-element elementor-element-cb2dd3f elementor-widget elementor-widget-heading\" data-id=\"cb2dd3f\" data-element_type=\"widget\" data-e-type=\"widget\" data-widget_type=\"heading.default\">\n\t\t\t\t<div class=\"elementor-widget-container\">\n\t\t\t\t\t<h2 class=\"elementor-heading-title elementor-size-default\">\u00abEpistolographia. <i>An International Journal<\/i>\u00bb, Pisa-Roma, Serra<\/h2>\t\t\t\t<\/div>\n\t\t\t\t<\/div>\n\t\t\t\t<div class=\"elementor-element elementor-element-a4b374c elementor-widget elementor-widget-heading\" data-id=\"a4b374c\" data-element_type=\"widget\" data-e-type=\"widget\" data-widget_type=\"heading.default\">\n\t\t\t\t<div class=\"elementor-widget-container\">\n\t\t\t\t\t<h3 class=\"elementor-heading-title elementor-size-default\">Scarica le norme<\/h3>\t\t\t\t<\/div>\n\t\t\t\t<\/div>\n\t\t<div class=\"elementor-element elementor-element-94c9fd3 e-grid e-con-full e-con e-child\" data-id=\"94c9fd3\" data-element_type=\"container\" data-e-type=\"container\">\n\t\t\t\t<div class=\"elementor-element elementor-element-0dda9c4 elementor-align-center elementor-widget elementor-widget-button\" data-id=\"0dda9c4\" data-element_type=\"widget\" data-e-type=\"widget\" data-widget_type=\"button.default\">\n\t\t\t\t<div class=\"elementor-widget-container\">\n\t\t\t\t\t\t\t\t\t<div class=\"elementor-button-wrapper\">\n\t\t\t\t\t<a class=\"elementor-button elementor-button-link elementor-size-sm elementor-animation-shrink\" href=\"\" target=\"_blank\">\n\t\t\t\t\t\t<span class=\"elementor-button-content-wrapper\">\n\t\t\t\t\t\t\t\t\t<span class=\"elementor-button-text\">Norme redazionali Serra ed. <\/span>\n\t\t\t\t\t<\/span>\n\t\t\t\t\t<\/a>\n\t\t\t\t<\/div>\n\t\t\t\t\t\t\t\t<\/div>\n\t\t\t\t<\/div>\n\t\t\t\t<div class=\"elementor-element elementor-element-ae26f7d elementor-align-center elementor-widget elementor-widget-button\" data-id=\"ae26f7d\" data-element_type=\"widget\" data-e-type=\"widget\" data-widget_type=\"button.default\">\n\t\t\t\t<div class=\"elementor-widget-container\">\n\t\t\t\t\t\t\t\t\t<div class=\"elementor-button-wrapper\">\n\t\t\t\t\t<a class=\"elementor-button elementor-button-link elementor-size-sm elementor-animation-shrink\" href=\"\" target=\"_blank\">\n\t\t\t\t\t\t<span class=\"elementor-button-content-wrapper\">\n\t\t\t\t\t\t\t\t\t<span class=\"elementor-button-text\">Stili Word e norme abbreviate con esempi<\/span>\n\t\t\t\t\t<\/span>\n\t\t\t\t\t<\/a>\n\t\t\t\t<\/div>\n\t\t\t\t\t\t\t\t<\/div>\n\t\t\t\t<\/div>\n\t\t\t\t<\/div>\n\t\t\t\t<div class=\"elementor-element elementor-element-8839597 elementor-widget elementor-widget-text-editor\" data-id=\"8839597\" data-element_type=\"widget\" data-e-type=\"widget\" data-widget_type=\"text-editor.default\">\n\t\t\t\t<div class=\"elementor-widget-container\">\n\t\t\t\t\t\t\t\t\t<p>La rivista del C.R.E.S. (consultala su <a href=\"https:\/\/www.libraweb.net\/riviste.php?chiave=154&amp;h=450&amp;w=300\">LibraWeb<\/a>)<\/p>\t\t\t\t\t\t\t\t<\/div>\n\t\t\t\t<\/div>\n\t\t\t\t<div class=\"elementor-element elementor-element-99d3580 elementor-widget elementor-widget-text-editor\" data-id=\"99d3580\" data-element_type=\"widget\" data-e-type=\"widget\" data-widget_type=\"text-editor.default\">\n\t\t\t\t<div class=\"elementor-widget-container\">\n\t\t\t\t\t\t\t\t\t<p>\u00abEpistolographia\u00bb accoglie contributi che studiano testi epistolari e ne indagano temi e forme, approfondendone gli aspetti pi\u00f9 problematici anche sul piano del metodo ecdotico. L\u2019apertura \u00e8 internazionale e transdisciplinare, dall\u2019antichistica alla contemporaneistica, dalla letteratura nelle sue varie branche e tradizioni nazionali fino alla storia in tutte le sue diramazioni, anche dei sistemi di comunicazione postale. Guidata da un comitato scientifico internazionale e pluridisciplinare di comprovata esperienza nell\u2019ambito epistolare, la Rivista si propone di fornire uno strumento di cui finora il mondo accademico non dispone. Ogni numero \u00e8 articolato in due distinte sezioni: la prima,\u00a0<em>Problemi<\/em>,\u00a0<em>metodi<\/em>,\u00a0<em>strumenti<\/em>, ospita articoli dedicati ad argomenti di respiro pi\u00f9 ampio e\/o di taglio problematico e rilievo metodologico; la seconda,\u00a0<em>Saggi<\/em>,\u00a0<em>note<\/em>,\u00a0<em>edizioni<\/em>, accoglie contributi pi\u00f9 puntuali, anche nella forma tradizionale dell\u2019edizione o dello studio di singoli carteggi o\u00a0<em>corpora<\/em> epistolari, nonch\u00e9 discussioni e indagini pi\u00f9 mirate o notizie relative a progetti e studi in cantiere, avendo per\u00f2 cura che i contributi selezionati riescano pur sempre esemplificativi di aspetti e problemi pi\u00f9 generali o inquadrabili entro una pi\u00f9 ampia prospettiva storica e metodologica. Nell\u2019intento di favorire il libero confronto, che si ritiene tanto pi\u00f9 proficuo quanto pi\u00f9 diversificato nei temi e nei metodi, la Rivista ospita contributi di studiosi a diversi stadi della loro carriera e appartenenti a generazioni differenti, oltre che provenienti da Paesi diversi e da differenti tradizioni accademiche. Lingue ammesse, oltre l\u2019italiano, sono l\u2019inglese, il francese, il tedesco e lo spagnolo. Le proposte di contributi vengono sottoposte a doppio referaggio anonimo.\u00a0<\/p><p><strong>Fondata da<\/strong>: Corrado Viola<\/p><p><strong>Diretta da<\/strong>: Corrado Viola, Fabio Foner<\/p><p><strong>Comitato scientifico<\/strong>: Giuseppe Antonelli (Universit\u00e0 di Pavia, CEOD, Italia), Gerd Bayer (Friedrich-Alexander-Universit\u00e4t Erlangen-N\u00fcrnberg, Deutschland), Pierre-Yves Beaurepaire (Universit\u00e9 C\u00f4te d\u2019Azur, CMMC, France), Claudia Berra (Universit\u00e0 degli Studi di Milano, Italia), Monica Bert\u00e9 (Universit\u00e0 Sapienza di Roma, Italia), Paolo Borsa (Universit\u00e9 de Fribourg, Suisse), Lodovica Braida (Universit\u00e0 Sapienza di Roma, Italia), Davide Canfora (Universit\u00e0 di Bari, Italia), Angelo Colombo (Universit\u00e9 de Franche-Comt\u00e9, Besan\u00e7on, France), Fabio Danelon (Universit\u00e0 di Verona, Italia), Luca Danzi (Universit\u00e0 degli Studi di Milano, Italia), Paola De Capua (Universit\u00e0 di Messina, Italia), Fulvio Delle Donne (Universit\u00e0 della Basilicata, Potenza, Italia), Maria Pia Donato (CNRS, Paris, France), Anna Tiziana Drago (Universit\u00e0 di Bari, Italia), Luca Frassineti (Universit\u00e0 Vanvitelli di Napoli, Italia), Rafael J. Gall\u00e9 Cejudo (Universidad de C\u00e1diz, Espa\u00f1a), Enrico Garavelli (University of Helsinki, Finland), Paolo Garbini (Universit\u00e0 Sapienza di Roma, Italia), Marie-Claire Grassi (Universit\u00e9 de Nice, France), Sybille Grosse (Universit\u00e4t Leipzig, Deutschland), G\u00e9nevi\u00e8ve Haroche-Bouzinac (Universit\u00e9 d\u2019Orl\u00e9ans, France), Harald Hendrix (KNIR, Roma, Italia), Owen Hodkinson (Leeds University, UK), Giovanni Iamartino (Universit\u00e0 degli Studi di Milano, Italia), Aist\u00e9 Ku\u010dinskien\u00e9 (Vilnius University, Lithuania), Rotraud von Kulessa (Universit\u00e4t Augsburg, Deutschland), Laura Melosi (Universit\u00e0 di Macerata, Italia), Dirk van Miert (Universiteit Utrecht, Nederland), Maria Cristina Panzera (Universit\u00e9 Bordeaux Montaigne, France), Paolo Pellegrini (Universit\u00e0 di Verona, Italia), Marco Petoletti (Universit\u00e0 Cattolica di Milano, Italia), Eugenio Refini (New York University, USA), Adams Robyn (CELL, Center for Editing Lives and Letters, University College London, UK), Patricia A. Rosenmeyer (Harvard University, Cambridge &#8211; MA, USA), Emilio Russo (Universit\u00e0 Sapienza di Roma, Italia), Anna Maria Salvad\u00e8 (Universit\u00e0 di Verona, Italia), Giuseppe Sandrini (Universit\u00e0 di Verona, Italia), Duccio Tongiorgi (Universit\u00e0 di Genova, Italia), Alessandra Zangrandi (Universit\u00e0 di Verona, Italia)<\/p><p><strong>Comitato di garanzia<\/strong>: Teodolinda Barolini (Columbia University, New York, USA), Giorgio Baroni (Universit\u00e0 Cattolica di Milano, Italia), Alberto Beniscelli (Universit\u00e0 di Genova, Italia), Clizia Carminati (Universit\u00e0 di Bergamo, ARCHILET, Italia), Antonio Castillo Gomez (Universidad de Alcal\u00e1, Espa\u00f1a), Adriana Chemello (Universit\u00e0 di Padova, Italia), Maria Luisa Doglio (Universit\u00e0 di Torino, Italia), Kathy Hannah Eden (Columbia University, New York, USA), Eric Francalanza (UBO &#8211; Universit\u00e9 de Bretagne Occidentale, Brest, France), Sandro Gentili (Universit\u00e0 di Perugia, Italia), Claudio Griggio (Universit\u00e0 di Udine, Italia), Maria Lieber (Technische Universit\u00e4t Dresden, Deutschland), Gian Paolo Marchi (Universit\u00e0 di Verona, Italia), Gilberto Pizzamiglio (Universit\u00e0 Ca\u2019 Foscari Venezia, Italia), Paolo Procaccioli (Universit\u00e0 della Tuscia di Viterbo, Italia), Renzo Rabboni (Universit\u00e0 di Udine, Italia), Ricciarda Ricorda (Universit\u00e0 Ca\u2019 Foscari Venezia, Italia), \u2020Silvia Rizzo (Universit\u00e0 Sapienza di Roma, Italia), Sabine Schwarze (Universit\u00e4t Augsburg, Deutschland), \u2020William Spaggiari (Universit\u00e0 degli Studi di Milano, Italia), Fran\u00e7oise Waquet (CNRS &#8211; Universit\u00e9 Paris-Sorbonne, France)<\/p><p><strong>Redazione<\/strong>: Lucia Berti (Universit\u00e0 degli Studi di Milano, Italia), Cristina Cappelletti (Universit\u00e0 degli Studi di Bergamo, Italia), Roberta Ferro (Universit\u00e0 Cattolica di Milano, Italia), Franz Meier (Universit\u00e4t Augsburg, Deutschland), Angelo Piacentini (Universit\u00e0 degli Studi dell\u2019Aquila, Italia)<\/p><p>\u00abEpistolographia\u00bb is an International Scholarly Journal and it is Indexed in\u00a0<a href=\"http:\/\/kanalregister.hkdir.no\/publiseringskanaler\/erihplus\/periodical\/info?id=508194\">ERIH Plus (European Science Foundation)<\/a>.<br \/>The eContent is Archived with\u00a0<a href=\"http:\/\/www.clockss.org\/clockss\/Participating_Publishers\" target=\"_blank\" rel=\"noopener\">Clockss<\/a>\u00a0and\u00a0<a href=\"http:\/\/www.portico.org\/digital-preservation\/who-participates-in-portico\/participating-publishers\/serra\" target=\"_blank\" rel=\"noopener\">Portico<\/a>.<\/p><p>Sono pubblicati articoli sottoposti a procedura di &#8220;revisione tra pari&#8221; mediante procedimento cosiddetto &#8220;a doppio cieco&#8221; (<em>double blind peer review<\/em>). I revisori sono assolutamente indipendenti dagli autori e non affiliati alle medesime istituzioni.<\/p><p>Consultala o sottoscrivi l&#8217;abbonamento per la tua biblioteca su <a href=\"https:\/\/www.libraweb.net\/riviste.php?chiave=154&amp;h=450&amp;w=300\">LibraWeb<\/a><\/p>\t\t\t\t\t\t\t\t<\/div>\n\t\t\t\t<\/div>\n\t\t\t\t\t<\/div>\n\t\t\t\t<\/div>\n\t\t\t\t<\/div>\n\t\t","protected":false},"excerpt":{"rendered":"<p>\u00abEpistolographia. An International Journal\u00bb, Pisa-Roma, Serra Scarica le norme Norme redazionali Serra ed. Stili Word e norme abbreviate con esempi [&hellip;]<\/p>\n","protected":false},"author":2,"featured_media":0,"parent":0,"menu_order":0,"comment_status":"closed","ping_status":"closed","template":"","meta":{"_uag_custom_page_level_css":"","site-sidebar-layout":"no-sidebar","site-content-layout":"","ast-site-content-layout":"full-width-container","site-content-style":"default","site-sidebar-style":"default","ast-global-header-display":"","ast-banner-title-visibility":"","ast-main-header-display":"","ast-hfb-above-header-display":"","ast-hfb-below-header-display":"","ast-hfb-mobile-header-display":"","site-post-title":"disabled","ast-breadcrumbs-content":"","ast-featured-img":"disabled","footer-sml-layout":"","ast-disable-related-posts":"","theme-transparent-header-meta":"","adv-header-id-meta":"","stick-header-meta":"","header-above-stick-meta":"","header-main-stick-meta":"","header-below-stick-meta":"","astra-migrate-meta-layouts":"default","ast-page-background-enabled":"default","ast-page-background-meta":{"desktop":{"background-color":"var(--ast-global-color-4)","background-image":"","background-repeat":"repeat","background-position":"center center","background-size":"auto","background-attachment":"scroll","background-type":"","background-media":"","overlay-type":"","overlay-color":"","overlay-opacity":"","overlay-gradient":""},"tablet":{"background-color":"","background-image":"","background-repeat":"repeat","background-position":"center center","background-size":"auto","background-attachment":"scroll","background-type":"","background-media":"","overlay-type":"","overlay-color":"","overlay-opacity":"","overlay-gradient":""},"mobile":{"background-color":"","background-image":"","background-repeat":"repeat","background-position":"center center","background-size":"auto","background-attachment":"scroll","background-type":"","background-media":"","overlay-type":"","overlay-color":"","overlay-opacity":"","overlay-gradient":""}},"ast-content-background-meta":{"desktop":{"background-color":"var(--ast-global-color-5)","background-image":"","background-repeat":"repeat","background-position":"center center","background-size":"auto","background-attachment":"scroll","background-type":"","background-media":"","overlay-type":"","overlay-color":"","overlay-opacity":"","overlay-gradient":""},"tablet":{"background-color":"var(--ast-global-color-5)","background-image":"","background-repeat":"repeat","background-position":"center center","background-size":"auto","background-attachment":"scroll","background-type":"","background-media":"","overlay-type":"","overlay-color":"","overlay-opacity":"","overlay-gradient":""},"mobile":{"background-color":"var(--ast-global-color-5)","background-image":"","background-repeat":"repeat","background-position":"center center","background-size":"auto","background-attachment":"scroll","background-type":"","background-media":"","overlay-type":"","overlay-color":"","overlay-opacity":"","overlay-gradient":""}},"footnotes":""},"class_list":["post-750","page","type-page","status-publish","hentry"],"yoast_head":"<!-- This site is optimized with the Yoast SEO plugin v27.3 - https:\/\/yoast.com\/product\/yoast-seo-wordpress\/ -->\n<title>\u00abEpistolographia\u00bb -<\/title>\n<meta name=\"robots\" content=\"index, follow, max-snippet:-1, max-image-preview:large, max-video-preview:-1\" \/>\n<link rel=\"canonical\" href=\"https:\/\/sites.dcuci.univr.it\/cres\/epistolographia\/\" \/>\n<meta property=\"og:locale\" content=\"it_IT\" \/>\n<meta property=\"og:type\" content=\"article\" \/>\n<meta property=\"og:title\" content=\"\u00abEpistolographia\u00bb -\" \/>\n<meta property=\"og:description\" content=\"\u00abEpistolographia. An International Journal\u00bb, Pisa-Roma, Serra Scarica le norme Norme redazionali Serra ed. Stili Word e norme abbreviate con esempi [&hellip;]\" \/>\n<meta property=\"og:url\" content=\"https:\/\/sites.dcuci.univr.it\/cres\/epistolographia\/\" \/>\n<meta property=\"article:modified_time\" content=\"2026-03-09T14:21:43+00:00\" \/>\n<meta name=\"twitter:card\" content=\"summary_large_image\" \/>\n<meta name=\"twitter:label1\" content=\"Tempo di lettura stimato\" \/>\n\t<meta name=\"twitter:data1\" content=\"5 minuti\" \/>\n<script type=\"application\/ld+json\" class=\"yoast-schema-graph\">{\"@context\":\"https:\\\/\\\/schema.org\",\"@graph\":[{\"@type\":\"WebPage\",\"@id\":\"https:\\\/\\\/sites.dcuci.univr.it\\\/cres\\\/epistolographia\\\/\",\"url\":\"https:\\\/\\\/sites.dcuci.univr.it\\\/cres\\\/epistolographia\\\/\",\"name\":\"\u00abEpistolographia\u00bb -\",\"isPartOf\":{\"@id\":\"https:\\\/\\\/sites.dcuci.univr.it\\\/cres\\\/#website\"},\"datePublished\":\"2025-06-12T07:39:56+00:00\",\"dateModified\":\"2026-03-09T14:21:43+00:00\",\"breadcrumb\":{\"@id\":\"https:\\\/\\\/sites.dcuci.univr.it\\\/cres\\\/epistolographia\\\/#breadcrumb\"},\"inLanguage\":\"it-IT\",\"potentialAction\":[{\"@type\":\"ReadAction\",\"target\":[\"https:\\\/\\\/sites.dcuci.univr.it\\\/cres\\\/epistolographia\\\/\"]}]},{\"@type\":\"BreadcrumbList\",\"@id\":\"https:\\\/\\\/sites.dcuci.univr.it\\\/cres\\\/epistolographia\\\/#breadcrumb\",\"itemListElement\":[{\"@type\":\"ListItem\",\"position\":1,\"name\":\"Home\",\"item\":\"https:\\\/\\\/sites.dcuci.univr.it\\\/cres\\\/\"},{\"@type\":\"ListItem\",\"position\":2,\"name\":\"\u00abEpistolographia\u00bb\"}]},{\"@type\":\"WebSite\",\"@id\":\"https:\\\/\\\/sites.dcuci.univr.it\\\/cres\\\/#website\",\"url\":\"https:\\\/\\\/sites.dcuci.univr.it\\\/cres\\\/\",\"name\":\"\",\"description\":\"\",\"potentialAction\":[{\"@type\":\"SearchAction\",\"target\":{\"@type\":\"EntryPoint\",\"urlTemplate\":\"https:\\\/\\\/sites.dcuci.univr.it\\\/cres\\\/?s={search_term_string}\"},\"query-input\":{\"@type\":\"PropertyValueSpecification\",\"valueRequired\":true,\"valueName\":\"search_term_string\"}}],\"inLanguage\":\"it-IT\"}]}<\/script>\n<!-- \/ Yoast SEO plugin. -->","yoast_head_json":{"title":"\u00abEpistolographia\u00bb -","robots":{"index":"index","follow":"follow","max-snippet":"max-snippet:-1","max-image-preview":"max-image-preview:large","max-video-preview":"max-video-preview:-1"},"canonical":"https:\/\/sites.dcuci.univr.it\/cres\/epistolographia\/","og_locale":"it_IT","og_type":"article","og_title":"\u00abEpistolographia\u00bb -","og_description":"\u00abEpistolographia. An International Journal\u00bb, Pisa-Roma, Serra Scarica le norme Norme redazionali Serra ed. Stili Word e norme abbreviate con esempi [&hellip;]","og_url":"https:\/\/sites.dcuci.univr.it\/cres\/epistolographia\/","article_modified_time":"2026-03-09T14:21:43+00:00","twitter_card":"summary_large_image","twitter_misc":{"Tempo di lettura stimato":"5 minuti"},"schema":{"@context":"https:\/\/schema.org","@graph":[{"@type":"WebPage","@id":"https:\/\/sites.dcuci.univr.it\/cres\/epistolographia\/","url":"https:\/\/sites.dcuci.univr.it\/cres\/epistolographia\/","name":"\u00abEpistolographia\u00bb -","isPartOf":{"@id":"https:\/\/sites.dcuci.univr.it\/cres\/#website"},"datePublished":"2025-06-12T07:39:56+00:00","dateModified":"2026-03-09T14:21:43+00:00","breadcrumb":{"@id":"https:\/\/sites.dcuci.univr.it\/cres\/epistolographia\/#breadcrumb"},"inLanguage":"it-IT","potentialAction":[{"@type":"ReadAction","target":["https:\/\/sites.dcuci.univr.it\/cres\/epistolographia\/"]}]},{"@type":"BreadcrumbList","@id":"https:\/\/sites.dcuci.univr.it\/cres\/epistolographia\/#breadcrumb","itemListElement":[{"@type":"ListItem","position":1,"name":"Home","item":"https:\/\/sites.dcuci.univr.it\/cres\/"},{"@type":"ListItem","position":2,"name":"\u00abEpistolographia\u00bb"}]},{"@type":"WebSite","@id":"https:\/\/sites.dcuci.univr.it\/cres\/#website","url":"https:\/\/sites.dcuci.univr.it\/cres\/","name":"","description":"","potentialAction":[{"@type":"SearchAction","target":{"@type":"EntryPoint","urlTemplate":"https:\/\/sites.dcuci.univr.it\/cres\/?s={search_term_string}"},"query-input":{"@type":"PropertyValueSpecification","valueRequired":true,"valueName":"search_term_string"}}],"inLanguage":"it-IT"}]}},"uagb_featured_image_src":{"full":false,"thumbnail":false,"medium":false,"medium_large":false,"large":false,"1536x1536":false,"2048x2048":false},"uagb_author_info":{"display_name":"Emilio Boaretto","author_link":"https:\/\/sites.dcuci.univr.it\/cres\/author\/eboaretto\/"},"uagb_comment_info":0,"uagb_excerpt":"\u00abEpistolographia. An International Journal\u00bb, Pisa-Roma, Serra Scarica le norme Norme redazionali Serra ed. Stili Word e norme abbreviate con esempi [&hellip;]","_links":{"self":[{"href":"https:\/\/sites.dcuci.univr.it\/cres\/wp-json\/wp\/v2\/pages\/750","targetHints":{"allow":["GET"]}}],"collection":[{"href":"https:\/\/sites.dcuci.univr.it\/cres\/wp-json\/wp\/v2\/pages"}],"about":[{"href":"https:\/\/sites.dcuci.univr.it\/cres\/wp-json\/wp\/v2\/types\/page"}],"author":[{"embeddable":true,"href":"https:\/\/sites.dcuci.univr.it\/cres\/wp-json\/wp\/v2\/users\/2"}],"replies":[{"embeddable":true,"href":"https:\/\/sites.dcuci.univr.it\/cres\/wp-json\/wp\/v2\/comments?post=750"}],"version-history":[{"count":30,"href":"https:\/\/sites.dcuci.univr.it\/cres\/wp-json\/wp\/v2\/pages\/750\/revisions"}],"predecessor-version":[{"id":1097,"href":"https:\/\/sites.dcuci.univr.it\/cres\/wp-json\/wp\/v2\/pages\/750\/revisions\/1097"}],"wp:attachment":[{"href":"https:\/\/sites.dcuci.univr.it\/cres\/wp-json\/wp\/v2\/media?parent=750"}],"curies":[{"name":"wp","href":"https:\/\/api.w.org\/{rel}","templated":true}]}}