{"id":468,"date":"2025-11-03T10:30:00","date_gmt":"2025-11-03T09:30:00","guid":{"rendered":"https:\/\/sites.dcuci.univr.it\/lvlt2026\/?page_id=468"},"modified":"2026-03-03T16:38:15","modified_gmt":"2026-03-03T15:38:15","slug":"ongenae","status":"publish","type":"page","link":"https:\/\/sites.dcuci.univr.it\/lvlt2026\/workshops\/ongenae\/","title":{"rendered":"Valency, voice, and transitivity in Vulgar and Late Latin"},"content":{"rendered":"\n<h3 class=\"wp-block-heading\" style=\"font-size:clamp(20px, 1.25rem + ((1vw - 3.2px) * 1.176), 32px);font-style:normal;font-weight:100\">Patterns of change and variation<\/h3>\n\n\n\n<p>Organizers: Tim Ongenae (Ghent University) \u2013 Elisabeth Reichle (University of Regensburg)<br>Contact information for questions: <a href=\"mailto:tim.ongenae@ugent.be\">tim.ongenae@ugent.be<\/a> and <a href=\"mailto:elisabeth1.reichle@sprachlit.uni-regensburg.de\">elisabeth1.reichle@sprachlit.uni-regensburg.de<\/a><br>Please send abstract to: <a href=\"mailto:lvlt2026@ateneo.univr.it\">lvlt2026@ateneo.univr.it<\/a><\/p>\n\n\n\n<p>In recent years, the study of argument structure and its diachronic development in Latin has gained increasing attention. Valency refers to the number of participants in an event expressed by a verb (which could be avalent, monovalent, bivalent\u2026). Transitivity refers to the organization of a prototypical bivalent event, typically involving a nominative subject and an accusative direct object. Voice concerns the morphosyntactic encoding of valency alternations on the verb (e.g. the mediopassive voice or the reflexive marker).<\/p>\n\n\n\n<p>Valency, voice, and transitivity are key aspects underlying a considerable number of syntactic changes in several phenomena in Latin, such as morphosyntactic alignment (e.g. Cennamo 2009; Rovai 2012), lability (e.g. Gianollo 2014; Ongenae 2024), differential object marking (e.g. Sornicola 1997; Melis 2021), ditransitive constructions (e.g. Fedriani &amp; Napoli 2023), voice (e.g. Cennamo 1998). In parallel with advancements in Latin linguistics, research within different theoretical frameworks (functional-typological linguistics, generative grammar, formal semantics, cognitive linguistics, construction grammar\u2026) has developed methodological tools to account for variation in argument structure, voice, and transitivity (Hopper &amp; Thompson 1980; Kemmer 1993; Levin 1993; Levin &amp; Rappaport Hovav 1995; Goldberg 1995; Z\u00fa\u00f1iga &amp; Kittil\u00e4 2019; Creissels 2024, to name just a few).<\/p>\n\n\n\n<p>This workshop aims to bring together researchers from various theoretical backgrounds working on topics related to variation in transitivity, valency, and voice in Late and Vulgar Latin, from a diachronic and theoretical perspective. Authors are invited to draw data from all periods of Latin but are asked to focus on Late Latin, Vulgar Latin, and Early Medieval Latin.<\/p>\n\n\n\n<p>Possible topics include (but are not limited to):<\/p>\n\n\n\n<ul class=\"wp-block-list\">\n<li>Changes in the argument structure of specific verbs or verbal classes<\/li>\n\n\n\n<li>The development of morphosyntactic alignment<\/li>\n\n\n\n<li>Voice categories (mediopassive, reflexive constructions\u2026) and their functions (passive, anticausative, reflexive, reciprocal\u2026)<\/li>\n\n\n\n<li>Alternation between <em>se<\/em> and <em>sibi<\/em>, lexicalization and grammaticalization of reflexives<\/li>\n\n\n\n<li>The diachrony of deponent verbs<\/li>\n\n\n\n<li>The rise of lability (valency alternations without formal marking on the verb)<\/li>\n\n\n\n<li>Differential Object Marking, impersonality, non-canonical argument marking<\/li>\n\n\n\n<li>..<\/li>\n<\/ul>\n\n\n\n<p><strong>References<\/strong><\/p>\n\n\n\n<p>Cennamo, Michela. 1998. The loss of the voice dimension between Late Latin and Early Romance. In Monika S. Schmid, Jennifer R. Austin &amp; Dieter Stein (eds.), <em>Historical Linguistics 1997: Selected papers from the 13th International Conference on Historical Linguistics, D\u00fcsseldorf, 10\u201317 August 1997<\/em> (Current Issues in Linguistic Theory 164), 77\u2013100. Amsterdam &amp; Philadelphia: John Benjamins. https:\/\/doi.org\/10.1075\/cilt.164.06cen.<\/p>\n\n\n\n<p>Cennamo, Michela. 2009. Argument structure and alignment variations and changes in Late Latin. In J\u00f3hanna Bar\u00f0dal &amp; Shobhana L. Chelliah (eds.), <em>The role of semantic, pragmatic, and discourse factors in the development of case<\/em> (Studies in Language Companion Series 108), 307\u2013346. Amsterdam &amp; Philadelphia: John Benjamins. https:\/\/doi.org\/10.1075\/slcs.108.17cen.<\/p>\n\n\n\n<p>Creissels, Denis. 2024. <em>Transitivity, valency, and voice<\/em>. Oxford: Oxford University Press. https:\/\/doi.org\/10.1093\/9780198899594.001.0001.<\/p>\n\n\n\n<p>Fedriani, Chiara &amp; Maria Napoli. 2023. The missing dative alternation in Romance: explaining stability and change in the argument structure of Latin ditransitives. <em>Transactions of the Philological Society<\/em> 121(1). 33\u201364. https:\/\/doi.org\/10.1111\/1467-968X.12255.<\/p>\n\n\n\n<p>Gianollo, Chiara. 2014. Labile verbs in Late Latin. <em>Linguistics<\/em> 52(4). 945\u20131002. https:\/\/doi.org\/10.1515\/ling-2014-0013.<\/p>\n\n\n\n<p>Goldberg, Adele E. 1995. <em>Constructions: A construction grammar approach to argument structure<\/em> (Cognitive Theory of Language and Culture). Chicago: University of Chicago Press.<\/p>\n\n\n\n<p>Hopper, Paul J. &amp; Sandra A. Thompson. 1980. Transitivity in grammar and discourse. <em>Language<\/em> 56(2). 251\u2013299. https:\/\/doi.org\/10.2307\/413757.<\/p>\n\n\n\n<p>Kemmer, Suzanne. 1993. <em>The middle voice<\/em> (Typological Studies in Language 23). Amsterdam &amp; Philadelphia: John Benjamins. https:\/\/doi.org\/10.1075\/tsl.23.<\/p>\n\n\n\n<p>Levin, Beth. 1993. <em>English verb classes and alternations: a preliminary investigation<\/em>. Chicago: University of Chicago Press.<\/p>\n\n\n\n<p>Levin, Beth &amp; Malka Rappaport Hovav. 1995. <em>Unaccusativity: at the syntax-lexical semantics interface<\/em> (Linguistic Inquiry Monographs 26). Cambridge, MA: MIT Press.<\/p>\n\n\n\n<p>Melis, Chantal. 2021. From topic marking to definite object marking: Focusing on the beginnings of Spanish DOM. In Johannes Kabatek, Philipp Obrist &amp; Albert Wall (eds.), <em>Differential Object Marking in Romance<\/em>, 39\u201364. Berlin &amp; New York: Mouton de Gruyter. https:\/\/doi.org\/10.1515\/9783110716207-003.<\/p>\n\n\n\n<p>Ongenae, Tim A.F. 2024. <em>Permittito aperiat oculum<\/em>\u202f: Typological considerations on P-lability and its interaction with morphosyntactic alignment in Latin medical texts. <em>Folia Linguistica Historica<\/em> 45(1). 79\u2013113. https:\/\/doi.org\/10.1515\/flin-2024-2005.<\/p>\n\n\n\n<p>Rovai, Francesco. 2012. <em>Sistemi di codifica argomentale: tipologia e evoluzione<\/em>. Pisa: Pacini.<\/p>\n\n\n\n<p>Sornicola, Rosanna. 1997. L\u2019oggetto preposizionale in siciliano antico e in napoletano antico. Considerazioni su un problema di tipologia diacronica. <em>Italienische Studien<\/em> 18. 66\u201380.<\/p>\n\n\n\n<p>Z\u00fa\u00f1iga, Fernando &amp; Seppo Kittil\u00e4. 2019. <em>Grammatical voice<\/em> (Cambridge Textbooks in Linguistics). Cambridge: Cambridge University Press. https:\/\/doi.org\/10.1017\/9781316671399.<\/p>\n\n\n\n<p><\/p>\n","protected":false},"excerpt":{"rendered":"<p>Patterns of change and variation Organizers: Tim Ongenae (Ghent University) \u2013 Elisabeth Reichle (University of Regensburg)Contact information for questions: tim.ongenae@ugent.be and elisabeth1.reichle@sprachlit.uni-regensburg.dePlease send abstract to: lvlt2026@ateneo.univr.it In recent years, the study of argument structure and its diachronic development in Latin has gained increasing attention. Valency refers to the number of participants in an event expressed [&hellip;]<\/p>\n","protected":false},"author":3,"featured_media":0,"parent":151,"menu_order":0,"comment_status":"closed","ping_status":"closed","template":"","meta":{"footnotes":""},"class_list":["post-468","page","type-page","status-publish","hentry"],"_links":{"self":[{"href":"https:\/\/sites.dcuci.univr.it\/lvlt2026\/wp-json\/wp\/v2\/pages\/468","targetHints":{"allow":["GET"]}}],"collection":[{"href":"https:\/\/sites.dcuci.univr.it\/lvlt2026\/wp-json\/wp\/v2\/pages"}],"about":[{"href":"https:\/\/sites.dcuci.univr.it\/lvlt2026\/wp-json\/wp\/v2\/types\/page"}],"author":[{"embeddable":true,"href":"https:\/\/sites.dcuci.univr.it\/lvlt2026\/wp-json\/wp\/v2\/users\/3"}],"replies":[{"embeddable":true,"href":"https:\/\/sites.dcuci.univr.it\/lvlt2026\/wp-json\/wp\/v2\/comments?post=468"}],"version-history":[{"count":4,"href":"https:\/\/sites.dcuci.univr.it\/lvlt2026\/wp-json\/wp\/v2\/pages\/468\/revisions"}],"predecessor-version":[{"id":486,"href":"https:\/\/sites.dcuci.univr.it\/lvlt2026\/wp-json\/wp\/v2\/pages\/468\/revisions\/486"}],"up":[{"embeddable":true,"href":"https:\/\/sites.dcuci.univr.it\/lvlt2026\/wp-json\/wp\/v2\/pages\/151"}],"wp:attachment":[{"href":"https:\/\/sites.dcuci.univr.it\/lvlt2026\/wp-json\/wp\/v2\/media?parent=468"}],"curies":[{"name":"wp","href":"https:\/\/api.w.org\/{rel}","templated":true}]}}