{"id":47,"date":"2023-02-23T06:58:51","date_gmt":"2023-02-23T05:58:51","guid":{"rendered":"https:\/\/sites.dcuci.univr.it\/ultracorpi\/?page_id=47"},"modified":"2024-02-19T17:45:02","modified_gmt":"2024-02-19T16:45:02","slug":"informazioni-generali","status":"publish","type":"page","link":"https:\/\/sites.dcuci.univr.it\/ultracorpi\/informazioni-generali\/","title":{"rendered":"Su Ultracorpi"},"content":{"rendered":"\n<figure class=\"wp-block-image alignfull size-large\"><img loading=\"lazy\" decoding=\"async\" width=\"1024\" height=\"213\" src=\"https:\/\/sites.dcuci.univr.it\/ultracorpi\/wp-content\/uploads\/2023\/12\/Base-1-1024x213.png\" alt=\"\" class=\"wp-image-507\" srcset=\"https:\/\/sites.dcuci.univr.it\/ultracorpi\/wp-content\/uploads\/2023\/12\/Base-1-1024x213.png 1024w, https:\/\/sites.dcuci.univr.it\/ultracorpi\/wp-content\/uploads\/2023\/12\/Base-1-300x63.png 300w, https:\/\/sites.dcuci.univr.it\/ultracorpi\/wp-content\/uploads\/2023\/12\/Base-1-150x31.png 150w, https:\/\/sites.dcuci.univr.it\/ultracorpi\/wp-content\/uploads\/2023\/12\/Base-1-768x160.png 768w, https:\/\/sites.dcuci.univr.it\/ultracorpi\/wp-content\/uploads\/2023\/12\/Base-1-1536x320.png 1536w, https:\/\/sites.dcuci.univr.it\/ultracorpi\/wp-content\/uploads\/2023\/12\/Base-1.png 1920w\" sizes=\"(max-width: 1024px) 100vw, 1024px\" \/><\/figure>\n\n\n\n<p class=\"has-white-color has-text-color\"><strong>Ultracorpi&nbsp;<\/strong>\u00e8 una rivista digitale annuale, a carattere miscellaneo, interessata all\u2019approfondimento di ambiti e generi legati al Fantastico nelle Arti dello Spettacolo. Il nostro obiettivo \u00e8 verificare come nel corso del tempo il Fantastico abbia trovato nuovi e diversi spazi di realizzazione nel teatro, nel cinema e nei media. <\/p>\n\n\n\n<p class=\"has-white-color has-text-color\"><br>Nel dettaglio <strong>Ultracorpi <\/strong>\u00e8 interessata ad accogliere contributi dedicati a cinema, circo, danza, digital performance, fotografia, giochi di ruolo, magia e illusionismo, parchi di divertimento, performing arts, radio, realt\u00e0 virtuale, teatro, teatro di figura, televisione, videoarte, videogiochi. Per quanto riguarda i generi, i saggi possono essere inerenti a cinecomics, distopia, fantascienza, fantastico, fantasy, fiaba, generi ibridi, horror, realismo magico, thriller psicologico.  Proprio per la vastit\u00e0 degli interessi, la Call for Papers \u00e8 a carattere permanente. La rivista offre tutti i suoi contenuti nella modalit\u00e0 &#8220;open access&#8221;.<\/p>\n\n\n\n<h2 class=\"wp-block-heading\">About Ultracorpi<\/h2>\n\n\n\n<p class=\"has-white-color has-text-color\"><strong>Ultracorpi<\/strong> is an annual digital journal, that considers a variety of themes covering in depth the areas and genres related to the Fantastic in the Performing Arts.<br>Our aim is to capture how over time the Fantastic has manifested in the different contexts of theatre, cinema and media.<\/p>\n\n\n\n<p class=\"has-white-color has-text-color\"><br><strong>Ultracorpi<\/strong> is interested in receiving contributions dedicated to cinema, circus, dance, digital performance, photography, role-playing games, magic and illusionism, amusement parks, performing arts, puppet theatre, radio, virtual reality, theatre, television, video art and video games.<br>As far as genres are concerned, articles can relate to cinecomics, dystopia, science fiction, fantasy, fairy tales, hybrid genres, horror, magic realism and psychological thrillers. Given the variety of themes the Call for Papers has an extended deadline.<br>The journal offers all its content in open access.<\/p>\n\n\n\n<p class=\"has-white-color has-text-color\"><\/p>\n\n\n\n<p class=\"has-white-color has-text-color\"><strong>Call for Papers <\/strong>[ita\/eng]<br><a rel=\"noreferrer noopener\" href=\"https:\/\/sites.dcuci.univr.it\/ultracorpi\/cfp\/\" target=\"_blank\">Leggi tutto ><\/a><\/p>\n\n\n\n<p class=\"has-white-color has-text-color\"><strong>Comitato Scientifico ed Editoriale<\/strong>\/Editorial Team<br><a href=\"https:\/\/sites.dcuci.univr.it\/ultracorpi\/comitato-scientifico-ed-editoriale\/\">Leggi tutto ><\/a><\/p>\n\n\n\n<p class=\"has-white-color has-text-color\"><strong>Contatti<\/strong>\/Contact<br><a rel=\"noreferrer noopener\" href=\"https:\/\/sites.dcuci.univr.it\/ultracorpi\/contatti\/\" target=\"_blank\">Leggi tutto ><\/a><br><\/p>\n","protected":false},"excerpt":{"rendered":"<p>Ultracorpi&nbsp;\u00e8 una rivista digitale annuale, a carattere miscellaneo, interessata all\u2019approfondimento di ambiti e generi legati al Fantastico nelle Arti dello<\/p>\n<p><a href=\"https:\/\/sites.dcuci.univr.it\/ultracorpi\/informazioni-generali\/\" class=\"more-link\">Continue reading<span class=\"screen-reader-text\">Su Ultracorpi<\/span><\/a><\/p>\n","protected":false},"author":2,"featured_media":0,"parent":0,"menu_order":0,"comment_status":"closed","ping_status":"closed","template":"","meta":{"footnotes":""},"_links":{"self":[{"href":"https:\/\/sites.dcuci.univr.it\/ultracorpi\/wp-json\/wp\/v2\/pages\/47"}],"collection":[{"href":"https:\/\/sites.dcuci.univr.it\/ultracorpi\/wp-json\/wp\/v2\/pages"}],"about":[{"href":"https:\/\/sites.dcuci.univr.it\/ultracorpi\/wp-json\/wp\/v2\/types\/page"}],"author":[{"embeddable":true,"href":"https:\/\/sites.dcuci.univr.it\/ultracorpi\/wp-json\/wp\/v2\/users\/2"}],"replies":[{"embeddable":true,"href":"https:\/\/sites.dcuci.univr.it\/ultracorpi\/wp-json\/wp\/v2\/comments?post=47"}],"version-history":[{"count":37,"href":"https:\/\/sites.dcuci.univr.it\/ultracorpi\/wp-json\/wp\/v2\/pages\/47\/revisions"}],"predecessor-version":[{"id":657,"href":"https:\/\/sites.dcuci.univr.it\/ultracorpi\/wp-json\/wp\/v2\/pages\/47\/revisions\/657"}],"wp:attachment":[{"href":"https:\/\/sites.dcuci.univr.it\/ultracorpi\/wp-json\/wp\/v2\/media?parent=47"}],"curies":[{"name":"wp","href":"https:\/\/api.w.org\/{rel}","templated":true}]}}