{"id":76,"date":"2023-02-23T11:46:23","date_gmt":"2023-02-23T10:46:23","guid":{"rendered":"https:\/\/sites.dcuci.univr.it\/ultracorpi\/?page_id=76"},"modified":"2026-02-04T20:16:15","modified_gmt":"2026-02-04T19:16:15","slug":"comitato-scientifico-ed-editoriale","status":"publish","type":"page","link":"https:\/\/sites.dcuci.univr.it\/ultracorpi\/comitato-scientifico-ed-editoriale\/","title":{"rendered":"Editorial Team"},"content":{"rendered":"\n<figure class=\"wp-block-image alignfull size-large\"><img loading=\"lazy\" decoding=\"async\" width=\"1024\" height=\"213\" src=\"https:\/\/sites.dcuci.univr.it\/ultracorpi\/wp-content\/uploads\/2023\/12\/Banner-vr-2-1024x213.png\" alt=\"\" class=\"wp-image-490\" srcset=\"https:\/\/sites.dcuci.univr.it\/ultracorpi\/wp-content\/uploads\/2023\/12\/Banner-vr-2-1024x213.png 1024w, https:\/\/sites.dcuci.univr.it\/ultracorpi\/wp-content\/uploads\/2023\/12\/Banner-vr-2-300x63.png 300w, https:\/\/sites.dcuci.univr.it\/ultracorpi\/wp-content\/uploads\/2023\/12\/Banner-vr-2-150x31.png 150w, https:\/\/sites.dcuci.univr.it\/ultracorpi\/wp-content\/uploads\/2023\/12\/Banner-vr-2-768x160.png 768w, https:\/\/sites.dcuci.univr.it\/ultracorpi\/wp-content\/uploads\/2023\/12\/Banner-vr-2-1536x320.png 1536w, https:\/\/sites.dcuci.univr.it\/ultracorpi\/wp-content\/uploads\/2023\/12\/Banner-vr-2.png 1920w\" sizes=\"(max-width: 1024px) 100vw, 1024px\" \/><\/figure>\n\n\n\n<figure class=\"wp-block-table is-style-stripes\"><table><tbody><tr><td><strong>Direttore editoriale: <\/strong><br><strong>Editorial Director:<\/strong> &nbsp;<\/td><td><br>Denis Lotti (Universit\u00e0 di Verona)<br><\/td><\/tr><tr><td><strong>Direttore responsabile<\/strong>: &nbsp;<br><strong>Managing Director:<\/strong><\/td><td>Ernesto Kieffer<\/td><\/tr><tr><td><strong>Comitato di Direzione:<\/strong><br><strong>Board of Directors:<\/strong><\/td><td>Cristina Jandelli (Universit\u00e0 di Firenze)<br>Denis Lotti (Universit\u00e0 di Verona)<br>Stefania Rimini (Universit\u00e0 di Catania)<br>Alberto Scandola (Universit\u00e0 di Verona)<br>Chiara Tognolotti (Universit\u00e0 di Pisa)<br>Simone Venturini (Universit\u00e0 di Udine) <\/td><\/tr><tr><td><strong>Coordinamento redazione:<\/strong><br><strong>Editorial coordination:<\/strong><\/td><td>Silvia Vacirca (Ricercatrice indipendente)<\/td><\/tr><tr><td><strong>Redazione<\/strong>:<br><strong>Editorial Board:<\/strong><\/td><td>Emanuele Antolini (Universit\u00e0 di Verona)<br>Sara Casoli (Universit\u00e0 di Firenze)<br>Marco De Bartolomeo (Universit\u00e0 di Verona)<br>Lucia Di Girolamo (Universit\u00e0 della Campania Luigi Vanvitelli)<br>Marianna Lucia Di Lucia (Universit\u00e0 di Verona)<br>Enrico Gheller (Universit\u00e0 di Bologna)<br>Leonardo Magnante (Universit\u00e0 di Roma Tor Vergata)<br>Davide Persico (Universit\u00e0 del Salento)<br>Miriam Petrini (Sapienza Universit\u00e0 di Roma)<br>Steven Stergar (Universit\u00e0 di Udine)<br>Paola Zeni (Universit\u00e0 di Torino)<\/td><\/tr><tr><td><strong>Comitato scientifico:<\/strong><br><strong>Advisory Board:<\/strong><\/td><td>Silvio Alovisio (Universit\u00e0 di Torino)<br>Paolo Bertetti (Universit\u00e0 di Torino)<br>Mireille Berton (Universit\u00e9 de Lausanne)<br>Gian Piero Brunetta (Universit\u00e0 di Padova)<br>Vincenzo Borghetti (Universit\u00e0 di Verona)<br>Paolo Caneppele (\u00d6sterreichisches Filmmuseum, Vienna)<br>Michele Canosa (Universit\u00e0 di Bologna)<br>Rossella Catanese (Universit\u00e0 della Tuscia)<br>Elena Dagrada (Universit\u00e0 di Bologna)<br>Monica Dall&#8217;Asta (Universit\u00e0 di Bologna)<br>Paola Degli Esposti (Universit\u00e0 di Padova)<br>Alessandro Faccioli (Universit\u00e0 di Padova)<br>Riccardo Fassone (Universit\u00e0 di Torino)<br>C\u00e9line Gailleurd (Universit\u00e9 Paris 8)<br>Cristina Grazioli (Universit\u00e0 di Padova)<br>Giacomo Manzoli (Universit\u00e0 di Bologna)<br>Luca Mazzei (Universit\u00e0 Tor Vergata, Roma)<br>Roy Menarini (Universit\u00e0 di Bologna)<br>Carlo Montanaro (Accademia di Belle Arti, Venezia)<br>Elena Mosconi (Universit\u00e0 di Pavia)<br>Massimo Natale (Universit\u00e0 di Verona)<br>Nicola Pasqualicchio (Universit\u00e0 di Verona)<br>Elena Randi (Universit\u00e0 di Bologna)<br>Giuseppe Sandrini (Universit\u00e0 di Verona)<br>Massimo Scotti (Universit\u00e0 di Messina)<br><\/td><\/tr><\/tbody><\/table><\/figure>\n\n\n\n\n","protected":false},"excerpt":{"rendered":"<p>Direttore editoriale: Editorial Director: &nbsp; Denis Lotti (Universit\u00e0 di Verona) Direttore responsabile: &nbsp;Managing Director: Ernesto Kieffer Comitato di Direzione:Board of<\/p>\n<p><a href=\"https:\/\/sites.dcuci.univr.it\/ultracorpi\/comitato-scientifico-ed-editoriale\/\" class=\"more-link\">Continue reading<span class=\"screen-reader-text\">Editorial Team<\/span><\/a><\/p>\n","protected":false},"author":2,"featured_media":490,"parent":0,"menu_order":0,"comment_status":"closed","ping_status":"closed","template":"","meta":{"footnotes":""},"_links":{"self":[{"href":"https:\/\/sites.dcuci.univr.it\/ultracorpi\/wp-json\/wp\/v2\/pages\/76"}],"collection":[{"href":"https:\/\/sites.dcuci.univr.it\/ultracorpi\/wp-json\/wp\/v2\/pages"}],"about":[{"href":"https:\/\/sites.dcuci.univr.it\/ultracorpi\/wp-json\/wp\/v2\/types\/page"}],"author":[{"embeddable":true,"href":"https:\/\/sites.dcuci.univr.it\/ultracorpi\/wp-json\/wp\/v2\/users\/2"}],"replies":[{"embeddable":true,"href":"https:\/\/sites.dcuci.univr.it\/ultracorpi\/wp-json\/wp\/v2\/comments?post=76"}],"version-history":[{"count":42,"href":"https:\/\/sites.dcuci.univr.it\/ultracorpi\/wp-json\/wp\/v2\/pages\/76\/revisions"}],"predecessor-version":[{"id":1196,"href":"https:\/\/sites.dcuci.univr.it\/ultracorpi\/wp-json\/wp\/v2\/pages\/76\/revisions\/1196"}],"wp:featuredmedia":[{"embeddable":true,"href":"https:\/\/sites.dcuci.univr.it\/ultracorpi\/wp-json\/wp\/v2\/media\/490"}],"wp:attachment":[{"href":"https:\/\/sites.dcuci.univr.it\/ultracorpi\/wp-json\/wp\/v2\/media?parent=76"}],"curies":[{"name":"wp","href":"https:\/\/api.w.org\/{rel}","templated":true}]}}